{"id":5177,"date":"2026-01-27T10:02:52","date_gmt":"2026-01-27T09:02:52","guid":{"rendered":"https:\/\/ibpp.eu\/publications\/acta-bibliotheca-polonica-parisiis\/"},"modified":"2026-01-27T12:16:50","modified_gmt":"2026-01-27T11:16:50","slug":"acta-bpp","status":"publish","type":"page","link":"https:\/\/ibpp.eu\/fr\/publications\/acta-bpp\/","title":{"rendered":"Acta \u2013 Bibliotheca Polonica Parisiis"},"content":{"rendered":"\n<div style=\"height:20px\" aria-hidden=\"true\" class=\"wp-block-spacer\"><\/div>\n\n<h3 class=\"wp-block-heading\">Volumes<\/h3>\n\n<div style=\"height:20px\" aria-hidden=\"true\" class=\"wp-block-spacer\"><\/div>\n\n<h4 class=\"wp-block-heading\"><strong>Vol. 1 \/ 2025<\/strong><\/h4>\n\n<p>\u201eActa \u2013 Bibliotheca Polonica Parisiis\u201d, vol. 1 :<br\/><em>J\u00f3zef Wybicki (1747\u20131822). \u00c9crivain, homme politique, citoyen et auteur de l\u2019Hymne national polonais <\/em>, <br\/>dir. du volume B. Mazurkowa, L\u2019Institut Biblioth\u00e8que Polonaise de Paris, Paris\u2013Krak\u00f3w 2025, ss. 120, <br\/>ISBN: 978-83-979258-0-9, ISBN 978-83-979258-1-6 (ebook).  <\/p>\n\n<div style=\"height:40px\" aria-hidden=\"true\" class=\"wp-block-spacer\"><\/div>\n\n<h4 class=\"wp-block-heading\"><strong>Table de mati\u00e8res<\/strong><\/h4>\n\n<div style=\"height:20px\" aria-hidden=\"true\" class=\"wp-block-spacer\"><\/div>\n\n<p style=\"margin-top:0;margin-bottom:0\"><strong>Bo\u017cena Mazurkowa<\/strong><\/p>\n\n<ul class=\"wp-block-list\">\n<li>Avant-propos<\/li>\n<\/ul>\n\n<p style=\"margin-top:0;margin-bottom:0\"><strong>Jaros\u0142aw Czubaty<\/strong><\/p>\n\n<ul class=\"wp-block-list\">\n<li>J\u00f3zef Wybicki (1747\u20131822). La vie d\u2019un homme d\u00e9cent <\/li>\n<\/ul>\n\n<p style=\"margin-top:0;margin-bottom:0\"><strong>Bo\u017cena Mazurkowa<\/strong><\/p>\n\n<ul class=\"wp-block-list\">\n<li>Un bouquet de vertus tress\u00e9 par J\u00f3zef Wybicki dans un esprit d\u2019avertissement<\/li>\n\n\n\n<li>J\u00f3zef Wybicki, [<em>Kwiaty, co niegdy\u015b da\u0142o nasze pole\u2026<\/em>] \/ [<em>Les fleurs que notre champ a donn\u00e9es jadis\u2026<\/em>]<\/li>\n\n\n\n<li>J\u00f3zef Wybicki, <em>Do Ja\u015bnie Wielmo\u017cnej Jmci Pani z Mniszch\u00f3w Potockiej, genera\u0142owej artylerii koronnej<\/em> \/ <br\/><em>\u00c0 son Altesse Madame Potocka, n\u00e9e Mniszech, \u00e9pouse du g\u00e9n\u00e9ral d\u2019artillerie de la Couronne<\/em><\/li>\n<\/ul>\n\n<p style=\"margin-top:0;margin-bottom:0\"><strong>Mariola Jarczykowa<\/strong><\/p>\n\n<ul class=\"wp-block-list\">\n<li>La perspective textologique de <em>Pie\u015b\u0144 Legion\u00f3w Polskich we W\u0142oszech<\/em> de J\u00f3zef Wybicki<\/li>\n\n\n\n<li>J\u00f3zef Wybicki, <em>Pie\u015b\u0144 Legion\u00f3w Polskich we W\u0142oszech<\/em> \/ <em>Chant des L\u00e9gions polonaises en Italie<\/em><\/li>\n<\/ul>\n\n<p style=\"margin-top:0;margin-bottom:0\"><strong>Agnieszka Jakuboszczak<\/strong><\/p>\n\n<ul class=\"wp-block-list\">\n<li><em>Les R\u00e9flexions politiques et \u00e9conomiques sur les richesses territoriales de la Pologne et son commerce au-dehors<\/em> de J\u00f3zef Wybicki: <br\/>Opportunit\u00e9s r\u00e9alis\u00e9es, chances manqu\u00e9es<\/li>\n\n\n\n<li>J\u00f3zef Wybicki, <em>R\u00e9flexions politiques et \u00e9conomiques sur les richesses territoriales de la Pologne et son commerce au-dehors<\/em>, [fragments]<\/li>\n<\/ul>\n\n<p style=\"margin-top:0;margin-bottom:0\"><strong>Wojciech Sajkowski<\/strong><\/p>\n\n<ul class=\"wp-block-list\">\n<li>J\u00f3zef Wybicki sur l\u2019histoire naturelle dans le cadre d\u2019un programme \u00e9ducatif dans les <em>Rozmowy i podr\u00f3\u017ce ojca z dwoma synami<\/em><\/li>\n\n\n\n<li>J\u00f3zef Wybicki, <em>Rozmowy i podr\u00f3\u017ce ojca z dwoma synami<\/em>, t. 1, p. 2 : <em>Pocz\u0105tki historii naturalnej : Rozmowa pierwsza<\/em>  <\/li>\n\n\n\n<li>J\u00f3zef Wybicki, <em>Conversations et voyages d\u2019un p\u00e8re avec ses deux fils<\/em>, vol. 1, p. 2 : <em>Les origines de l\u2019histoire naturelle : Premi\u00e8re conversation<\/em>  <\/li>\n<\/ul>\n\n<div style=\"height:40px\" aria-hidden=\"true\" class=\"wp-block-spacer\"><\/div>\n<style>.wp-block-kadence-advancedbtn.kb-btns5174_9e5576-fc{gap:var(--global-kb-gap-xs, 0.5rem );justify-content:flex-start;align-items:center;}.kt-btns5174_9e5576-fc .kt-button{font-weight:normal;font-style:normal;}.kt-btns5174_9e5576-fc .kt-btn-wrap-0{margin-right:5px;}.wp-block-kadence-advancedbtn.kt-btns5174_9e5576-fc .kt-btn-wrap-0 .kt-button{color:#555555;border-color:#555555;}.wp-block-kadence-advancedbtn.kt-btns5174_9e5576-fc .kt-btn-wrap-0 .kt-button:hover, .wp-block-kadence-advancedbtn.kt-btns5174_9e5576-fc .kt-btn-wrap-0 .kt-button:focus{color:#ffffff;border-color:#444444;}.wp-block-kadence-advancedbtn.kt-btns5174_9e5576-fc .kt-btn-wrap-0 .kt-button::before{display:none;}.wp-block-kadence-advancedbtn.kt-btns5174_9e5576-fc .kt-btn-wrap-0 .kt-button:hover, .wp-block-kadence-advancedbtn.kt-btns5174_9e5576-fc .kt-btn-wrap-0 .kt-button:focus{background:#444444;}<\/style>\n<div class=\"wp-block-kadence-advancedbtn kb-buttons-wrap kb-btns5174_9e5576-fc\"><style>ul.menu .wp-block-kadence-advancedbtn .kb-btn5174_ed3da2-19.kb-button{width:initial;}<\/style><a class=\"kb-button kt-button button kb-btn5174_ed3da2-19 kt-btn-size-standard kt-btn-width-type-auto kb-btn-global-fill  kt-btn-has-text-true kt-btn-has-svg-false  wp-block-kadence-singlebtn\" href=\"http:\/\/ibpp.eu\/wp-content\/uploads\/2026\/01\/ABPP_vol-1-2025_Table-de-matieres.pdf\" target=\"_blank\" rel=\"noreferrer noopener\"><span class=\"kt-btn-inner-text\">Table de mati\u00e8res &#8211; PDF<\/span><\/a><\/div>\n\n<div style=\"height:100px\" aria-hidden=\"true\" class=\"wp-block-spacer\"><\/div>\n\n<p><\/p>\n","protected":false},"excerpt":{"rendered":"<p>Volumes Vol. 1 \/ 2025 \u201eActa \u2013 Bibliotheca Polonica Parisiis\u201d, vol. 1 :J\u00f3zef Wybicki (1747\u20131822). \u00c9crivain, homme politique, citoyen et auteur de l\u2019Hymne national polonais , dir. du volume B. Mazurkowa, L\u2019Institut Biblioth\u00e8que Polonaise de Paris, Paris\u2013Krak\u00f3w 2025, ss. 120, ISBN: 978-83-979258-0-9, ISBN 978-83-979258-1-6 (ebook). Table de mati\u00e8res Bo\u017cena Mazurkowa Jaros\u0142aw Czubaty Bo\u017cena Mazurkowa Mariola&#8230;<\/p>\n","protected":false},"author":4,"featured_media":0,"parent":5167,"menu_order":0,"comment_status":"closed","ping_status":"closed","template":"","meta":{"_monsterinsights_skip_tracking":false,"_monsterinsights_sitenote_active":false,"_monsterinsights_sitenote_note":"","_monsterinsights_sitenote_category":0,"_kad_post_transparent":"","_kad_post_title":"","_kad_post_layout":"","_kad_post_sidebar_id":"","_kad_post_content_style":"","_kad_post_vertical_padding":"","_kad_post_feature":"","_kad_post_feature_position":"","_kad_post_header":false,"_kad_post_footer":false,"_kad_post_classname":"","footnotes":""},"class_list":["post-5177","page","type-page","status-publish","hentry"],"_links":{"self":[{"href":"https:\/\/ibpp.eu\/fr\/wp-json\/wp\/v2\/pages\/5177","targetHints":{"allow":["GET"]}}],"collection":[{"href":"https:\/\/ibpp.eu\/fr\/wp-json\/wp\/v2\/pages"}],"about":[{"href":"https:\/\/ibpp.eu\/fr\/wp-json\/wp\/v2\/types\/page"}],"author":[{"embeddable":true,"href":"https:\/\/ibpp.eu\/fr\/wp-json\/wp\/v2\/users\/4"}],"replies":[{"embeddable":true,"href":"https:\/\/ibpp.eu\/fr\/wp-json\/wp\/v2\/comments?post=5177"}],"version-history":[{"count":6,"href":"https:\/\/ibpp.eu\/fr\/wp-json\/wp\/v2\/pages\/5177\/revisions"}],"predecessor-version":[{"id":5241,"href":"https:\/\/ibpp.eu\/fr\/wp-json\/wp\/v2\/pages\/5177\/revisions\/5241"}],"up":[{"embeddable":true,"href":"https:\/\/ibpp.eu\/fr\/wp-json\/wp\/v2\/pages\/5167"}],"wp:attachment":[{"href":"https:\/\/ibpp.eu\/fr\/wp-json\/wp\/v2\/media?parent=5177"}],"curies":[{"name":"wp","href":"https:\/\/api.w.org\/{rel}","templated":true}]}}